{"id":3447,"date":"2025-12-16T17:33:37","date_gmt":"2025-12-16T16:33:37","guid":{"rendered":"https:\/\/acquarello.ch\/business\/"},"modified":"2026-03-24T17:32:42","modified_gmt":"2026-03-24T16:32:42","slug":"business","status":"publish","type":"page","link":"https:\/\/acquarello.ch\/de\/business\/","title":{"rendered":"Business"},"content":{"rendered":"\n<div class=\"wp-block-columns is-layout-flex wp-container-core-columns-is-layout-dbc3dec8 wp-block-columns-is-layout-flex\" style=\"padding-top:var(--wp--preset--spacing--40);padding-right:var(--wp--preset--spacing--60);padding-bottom:var(--wp--preset--spacing--40);padding-left:var(--wp--preset--spacing--60)\">\n<div class=\"wp-block-column is-layout-flow wp-block-column-is-layout-flow\" style=\"flex-basis:40%\">\n<div class=\"wp-block-group is-layout-flow wp-block-group-is-layout-flow\">\n<h1 class=\"wp-block-heading has-sanchez-font-family has-small-font-size\" style=\"letter-spacing:0px;text-transform:uppercase\">Business-R\u00e4ume<\/h1>\n\n\n\n<h2 class=\"wp-block-heading\" style=\"padding-bottom:var(--wp--preset--spacing--10)\">F\u00fcr Veranstaltungen, die Sorgfalt, Pr\u00e4senz und Atmosph\u00e4re verdienen<\/h2>\n<\/div>\n\n\n\n<figure class=\"wp-block-image size-full is-resized hidden-xs\"><img loading=\"lazy\" decoding=\"async\" width=\"2304\" height=\"1536\" src=\"https:\/\/acquarello.ch\/wp-content\/uploads\/2026\/01\/MG_1811.webp\" alt=\"\" class=\"wp-image-1392\" style=\"aspect-ratio:1;object-fit:cover;width:624px;height:auto\" srcset=\"https:\/\/acquarello.ch\/wp-content\/uploads\/2026\/01\/MG_1811.webp 2304w, https:\/\/acquarello.ch\/wp-content\/uploads\/2026\/01\/MG_1811-300x200.webp 300w, https:\/\/acquarello.ch\/wp-content\/uploads\/2026\/01\/MG_1811-1024x683.webp 1024w, https:\/\/acquarello.ch\/wp-content\/uploads\/2026\/01\/MG_1811-768x512.webp 768w, https:\/\/acquarello.ch\/wp-content\/uploads\/2026\/01\/MG_1811-1536x1024.webp 1536w, https:\/\/acquarello.ch\/wp-content\/uploads\/2026\/01\/MG_1811-2048x1365.webp 2048w\" sizes=\"auto, (max-width: 2304px) 100vw, 2304px\" \/><\/figure>\n<\/div>\n\n\n\n<div class=\"wp-block-column is-vertically-aligned-stretch is-layout-flow wp-block-column-is-layout-flow\" style=\"flex-basis:60%\">\n<figure class=\"wp-block-image size-large full-width\"><img loading=\"lazy\" decoding=\"async\" width=\"1024\" height=\"677\" src=\"https:\/\/acquarello.ch\/wp-content\/uploads\/2026\/01\/hotel-acquarello-sala-eventi-lugano-003-1024x677.webp\" alt=\"\" class=\"wp-image-699\" style=\"aspect-ratio:16\/9;object-fit:cover\" srcset=\"https:\/\/acquarello.ch\/wp-content\/uploads\/2026\/01\/hotel-acquarello-sala-eventi-lugano-003-1024x677.webp 1024w, https:\/\/acquarello.ch\/wp-content\/uploads\/2026\/01\/hotel-acquarello-sala-eventi-lugano-003-300x198.webp 300w, https:\/\/acquarello.ch\/wp-content\/uploads\/2026\/01\/hotel-acquarello-sala-eventi-lugano-003-768x508.webp 768w, https:\/\/acquarello.ch\/wp-content\/uploads\/2026\/01\/hotel-acquarello-sala-eventi-lugano-003-1536x1016.webp 1536w, https:\/\/acquarello.ch\/wp-content\/uploads\/2026\/01\/hotel-acquarello-sala-eventi-lugano-003-2048x1355.webp 2048w\" sizes=\"auto, (max-width: 1024px) 100vw, 1024px\" \/><\/figure>\n\n\n\n<div class=\"wp-block-group has-global-padding is-content-justification-left is-layout-constrained wp-container-core-group-is-layout-1ad27c61 wp-block-group-is-layout-constrained\" style=\"padding-right:0;padding-left:0\">\n<p>Im Herzen von Lugano empf\u00e4ngt ein heller und ruhiger Raum Meetings, Workshops und Firmenveranstaltungen mit der Anmut eines Pinselstrichs. Ein flexibler Tagungsraum im Zentrum des Tessins, der jedes Treffen zu einem Moment echter Verbundenheit macht: Licht, Liebe zum Detail und professionelle Ausstattung, um den Projekten, die z\u00e4hlen, eine Stimme zu geben. <\/p>\n<\/div>\n<\/div>\n<\/div>\n\n<div class=\"wp-block-columns is-layout-flex wp-container-core-columns-is-layout-68cef302 wp-block-columns-is-layout-flex\" id=\"sala-eventi\" style=\"padding-top:var(--wp--preset--spacing--40);padding-right:var(--wp--preset--spacing--60);padding-bottom:var(--wp--preset--spacing--10);padding-left:var(--wp--preset--spacing--60)\">\n<div class=\"wp-block-column is-layout-flow wp-block-column-is-layout-flow\" style=\"flex-basis:70%\">\n<div class=\"wp-block-columns is-layout-flex wp-container-core-columns-is-layout-07b7b7eb wp-block-columns-is-layout-flex\" style=\"padding-top:0;padding-right:0;padding-bottom:0;padding-left:0\">\n<div class=\"wp-block-column is-layout-flow wp-block-column-is-layout-flow\" style=\"flex-basis:80%\">\n<div class=\"wp-block-columns is-layout-flex wp-container-core-columns-is-layout-28f84493 wp-block-columns-is-layout-flex\">\n<div class=\"wp-block-column is-vertically-aligned-bottom is-layout-flow wp-block-column-is-layout-flow\">\n<h2 class=\"wp-block-heading has-sanchez-font-family has-small-font-size\" style=\"letter-spacing:0px;text-transform:uppercase\">F\u00fcr Ihre Veranstaltungen<\/h2>\n\n\n\n<hr class=\"wp-block-separator has-alpha-channel-opacity is-style-wide\" style=\"margin-top:var(--wp--preset--spacing--10);margin-bottom:0\"\/>\n<\/div>\n<\/div>\n<\/div>\n\n\n\n<div class=\"wp-block-column is-vertically-aligned-bottom is-layout-flow wp-block-column-is-layout-flow\" style=\"flex-basis:20%\">\n<div class=\"wp-block-buttons is-content-justification-right is-layout-flex wp-container-core-buttons-is-layout-15fe5ce5 wp-block-buttons-is-layout-flex\" style=\"padding-top:0;padding-bottom:0\">\n<div class=\"wp-block-button\" data-aos=\"slide-up\"><a class=\"wp-block-button__link wp-element-button\" href=\"https:\/\/acquarello.ch\/de\/business\/smart-space\/\" style=\"border-top-left-radius:0px;border-top-right-radius:0px;border-bottom-left-radius:0px;border-bottom-right-radius:0px\">Entdecken Sie smart space<\/a><\/div>\n<\/div>\n<\/div>\n<\/div>\n\n\n\n<h3 class=\"wp-block-heading\" style=\"padding-bottom:0\">Smart Space<\/h3>\n\n\n\n<p style=\"padding-top:0\">Entdecken Sie unseren neuen Tagungsraum, einen modernen und vielseitigen Raum, der sich perfekt f\u00fcr Firmenveranstaltungen, Pr\u00e4sentationen, Schulungen und Events eignet. Jedes Detail wurde so gestaltet, dass es Ihnen Komfort, Technologie und eine einladende Atmosph\u00e4re bietet, in der Ihre Veranstaltungen zu erfolgreichen Erlebnissen werden. <br\/><br\/>Wir bieten Ihnen die M\u00f6glichkeit, Ihre Veranstaltung mit Fr\u00fchst\u00fcck, leichtem Mittagessen oder Aperitif zu organisieren.<\/p>\n<\/div>\n<\/div>\n\n<div class=\"wp-block-columns is-layout-flex wp-container-core-columns-is-layout-bc767218 wp-block-columns-is-layout-flex\" style=\"padding-top:var(--wp--preset--spacing--10);padding-right:var(--wp--preset--spacing--10);padding-bottom:var(--wp--preset--spacing--40);padding-left:var(--wp--preset--spacing--10)\">\n<div class=\"wp-block-column is-layout-flow wp-block-column-is-layout-flow\" style=\"flex-basis:40%\">\n<div class=\"wp-block-essential-blocks-accordion  root-eb-accordion-pde51\"><div class=\"eb-parent-wrapper eb-parent-eb-accordion-pde51 \"><div class=\"eb-accordion-container eb-accordion-pde51\" data-accordion-type=\"accordion\" data-tab-icon=\"\" data-expanded-icon=\"\" data-transition-duration=\"500\"><div class=\"eb-accordion-inner\">\n<div class=\"wp-block-essential-blocks-accordion-item eb-accordion-item-jbbes eb-accordion-wrapper\" data-clickable=\"false\"><div class=\"eb-accordion-title-wrapper eb-accordion-title-wrapper-eb-accordion-pde51\" tabindex=\"0\"><div class=\"eb-accordion-title-content-wrap title-content-eb-accordion-pde51\"><span class=\"eb-accordion-title-prefix-text\">01<\/span><h3 class=\"eb-accordion-title\">Tische in U-Form<\/h3><\/div><\/div><div class=\"eb-accordion-content-wrapper eb-accordion-content-wrapper-eb-accordion-pde51\"><div class=\"eb-accordion-content\">\n<p>22 Personen + 3 Referenten<\/p>\n<\/div><\/div><\/div>\n\n\n\n<div class=\"wp-block-essential-blocks-accordion-item eb-accordion-item-7e36t eb-accordion-wrapper\" data-clickable=\"false\"><div class=\"eb-accordion-title-wrapper eb-accordion-title-wrapper-eb-accordion-pde51\" tabindex=\"0\"><div class=\"eb-accordion-title-content-wrap title-content-eb-accordion-pde51\"><span class=\"eb-accordion-title-prefix-text\">02<\/span><h3 class=\"eb-accordion-title\">U-f\u00f6rmige Tische mit St\u00fchlen<\/h3><\/div><\/div><div class=\"eb-accordion-content-wrapper eb-accordion-content-wrapper-eb-accordion-pde51\"><div class=\"eb-accordion-content\">\n<p>24 Personen + 3 Referenten<\/p>\n<\/div><\/div><\/div>\n\n\n\n<div class=\"wp-block-essential-blocks-accordion-item eb-accordion-item-1mvk4 eb-accordion-wrapper\" data-clickable=\"false\"><div class=\"eb-accordion-title-wrapper eb-accordion-title-wrapper-eb-accordion-pde51\" tabindex=\"0\"><div class=\"eb-accordion-title-content-wrap title-content-eb-accordion-pde51\"><span class=\"eb-accordion-title-prefix-text\">03<\/span><h3 class=\"eb-accordion-title\">Schulbankanordnung<\/h3><\/div><\/div><div class=\"eb-accordion-content-wrapper eb-accordion-content-wrapper-eb-accordion-pde51\"><div class=\"eb-accordion-content\">\n<p>16 Personen + 3 Referenten<\/p>\n<\/div><\/div><\/div>\n\n\n\n<div class=\"wp-block-essential-blocks-accordion-item eb-accordion-item-dk0tm eb-accordion-wrapper\" data-clickable=\"false\"><div class=\"eb-accordion-title-wrapper eb-accordion-title-wrapper-eb-accordion-pde51\" tabindex=\"0\"><div class=\"eb-accordion-title-content-wrap title-content-eb-accordion-pde51\"><span class=\"eb-accordion-title-prefix-text\">04<\/span><h3 class=\"eb-accordion-title\">Theaterbestuhlung<\/h3><\/div><\/div><div class=\"eb-accordion-content-wrapper eb-accordion-content-wrapper-eb-accordion-pde51\"><div class=\"eb-accordion-content\">\n<p>40 Personen + 3 Referenten<\/p>\n<\/div><\/div><\/div>\n\n\n\n<div class=\"wp-block-essential-blocks-accordion-item eb-accordion-item-yrxx2 eb-accordion-wrapper\" data-clickable=\"false\"><div class=\"eb-accordion-title-wrapper eb-accordion-title-wrapper-eb-accordion-pde51\" tabindex=\"0\"><div class=\"eb-accordion-title-content-wrap title-content-eb-accordion-pde51\"><span class=\"eb-accordion-title-prefix-text\">05<\/span><h3 class=\"eb-accordion-title\">U-f\u00f6rmige Anordnung ohne Tische<\/h3><\/div><\/div><div class=\"eb-accordion-content-wrapper eb-accordion-content-wrapper-eb-accordion-pde51\"><div class=\"eb-accordion-content\">\n<p>24 Personen + 3 Referenten<\/p>\n<\/div><\/div><\/div>\n\n\n\n<div class=\"wp-block-essential-blocks-accordion-item eb-accordion-item-hpx5o eb-accordion-wrapper\" data-clickable=\"false\"><div class=\"eb-accordion-title-wrapper eb-accordion-title-wrapper-eb-accordion-pde51\" tabindex=\"0\"><div class=\"eb-accordion-title-content-wrap title-content-eb-accordion-pde51\"><span class=\"eb-accordion-title-prefix-text\">06<\/span><h3 class=\"eb-accordion-title\">Anordnung als ein einziger Tisch<\/h3><\/div><\/div><div class=\"eb-accordion-content-wrapper eb-accordion-content-wrapper-eb-accordion-pde51\"><div class=\"eb-accordion-content\">\n<p>20 Personen + 3 Referenten<\/p>\n<\/div><\/div><\/div>\n\n\n\n<div class=\"wp-block-essential-blocks-accordion-item eb-accordion-item-75bs0 eb-accordion-wrapper\" data-clickable=\"false\"><div class=\"eb-accordion-title-wrapper eb-accordion-title-wrapper-eb-accordion-pde51\" tabindex=\"0\"><div class=\"eb-accordion-title-content-wrap title-content-eb-accordion-pde51\"><span class=\"eb-accordion-title-prefix-text\">07<\/span><h3 class=\"eb-accordion-title\">Bankettbestuhlung<\/h3><\/div><\/div><div class=\"eb-accordion-content-wrapper eb-accordion-content-wrapper-eb-accordion-pde51\"><div class=\"eb-accordion-content\">\n<p>24 Personen<\/p>\n<\/div><\/div><\/div>\n<\/div><\/div><\/div><\/div>\n<\/div>\n\n\n\n<div class=\"wp-block-column is-layout-flow wp-block-column-is-layout-flow\" style=\"flex-basis:60%\">\n<figure class=\"wp-block-image size-large\"><img loading=\"lazy\" decoding=\"async\" width=\"1024\" height=\"675\" src=\"https:\/\/acquarello.ch\/wp-content\/uploads\/2026\/01\/hotel-acquarello-sala-eventi-lugano-002-1024x675.webp\" alt=\"\" class=\"wp-image-698\" srcset=\"https:\/\/acquarello.ch\/wp-content\/uploads\/2026\/01\/hotel-acquarello-sala-eventi-lugano-002-1024x675.webp 1024w, https:\/\/acquarello.ch\/wp-content\/uploads\/2026\/01\/hotel-acquarello-sala-eventi-lugano-002-300x198.webp 300w, https:\/\/acquarello.ch\/wp-content\/uploads\/2026\/01\/hotel-acquarello-sala-eventi-lugano-002-768x506.webp 768w, https:\/\/acquarello.ch\/wp-content\/uploads\/2026\/01\/hotel-acquarello-sala-eventi-lugano-002-1536x1012.webp 1536w, https:\/\/acquarello.ch\/wp-content\/uploads\/2026\/01\/hotel-acquarello-sala-eventi-lugano-002-2048x1349.webp 2048w\" sizes=\"auto, (max-width: 1024px) 100vw, 1024px\" \/><\/figure>\n<\/div>\n<\/div>\n\n<div class=\"wp-block-columns is-layout-flex wp-container-core-columns-is-layout-dbc3dec8 wp-block-columns-is-layout-flex\" id=\"coworking\" style=\"padding-top:var(--wp--preset--spacing--40);padding-right:var(--wp--preset--spacing--60);padding-bottom:var(--wp--preset--spacing--40);padding-left:var(--wp--preset--spacing--60)\">\n<div class=\"wp-block-column is-layout-flow wp-block-column-is-layout-flow\" style=\"flex-basis:70%\">\n<h2 class=\"wp-block-heading has-sanchez-font-family has-small-font-size\" style=\"letter-spacing:0px;text-transform:uppercase\">Gemeinschaftsraum<\/h2>\n\n\n\n<hr class=\"wp-block-separator has-alpha-channel-opacity is-style-wide\" style=\"margin-top:var(--wp--preset--spacing--10);margin-bottom:0\"\/>\n\n\n\n<h3 class=\"wp-block-heading\" style=\"padding-bottom:0\">Coworking<\/h3>\n\n\n\n<p style=\"padding-top:0\">Im Hotel Acquarello steht auch ein Coworking-Bereich zur Verf\u00fcgung, der sich ideal f\u00fcr flexibles Arbeiten, informelle Treffen oder die Erledigung beruflicher Aufgaben w\u00e4hrend Ihres Aufenthalts eignet.<\/p>\n<\/div>\n<\/div>\n\n<div class=\"wp-block-columns is-layout-flex wp-container-core-columns-is-layout-cad298ab wp-block-columns-is-layout-flex\" style=\"padding-right:var(--wp--preset--spacing--60);padding-left:var(--wp--preset--spacing--60)\">\n<div class=\"wp-block-column is-layout-flow wp-block-column-is-layout-flow\">\n<figure class=\"wp-block-image size-large\"><img loading=\"lazy\" decoding=\"async\" width=\"1024\" height=\"964\" src=\"https:\/\/acquarello.ch\/wp-content\/uploads\/2026\/01\/HotelAcquarello-Homepage-CarouselServizi-01-1024x964.webp\" alt=\"\" class=\"wp-image-566\" style=\"aspect-ratio:16\/9;object-fit:cover\" srcset=\"https:\/\/acquarello.ch\/wp-content\/uploads\/2026\/01\/HotelAcquarello-Homepage-CarouselServizi-01-1024x964.webp 1024w, https:\/\/acquarello.ch\/wp-content\/uploads\/2026\/01\/HotelAcquarello-Homepage-CarouselServizi-01-300x282.webp 300w, https:\/\/acquarello.ch\/wp-content\/uploads\/2026\/01\/HotelAcquarello-Homepage-CarouselServizi-01-768x723.webp 768w, https:\/\/acquarello.ch\/wp-content\/uploads\/2026\/01\/HotelAcquarello-Homepage-CarouselServizi-01-1536x1446.webp 1536w, https:\/\/acquarello.ch\/wp-content\/uploads\/2026\/01\/HotelAcquarello-Homepage-CarouselServizi-01.webp 1632w\" sizes=\"auto, (max-width: 1024px) 100vw, 1024px\" \/><\/figure>\n<\/div>\n\n\n\n<div class=\"wp-block-column is-layout-flow wp-block-column-is-layout-flow\">\n<figure class=\"wp-block-image size-large\"><img loading=\"lazy\" decoding=\"async\" width=\"1024\" height=\"964\" src=\"https:\/\/acquarello.ch\/wp-content\/uploads\/2026\/01\/HotelAcquarello-Homepage-CarouselServizi-04-1024x964.webp\" alt=\"\" class=\"wp-image-570\" style=\"aspect-ratio:16\/9;object-fit:cover\" srcset=\"https:\/\/acquarello.ch\/wp-content\/uploads\/2026\/01\/HotelAcquarello-Homepage-CarouselServizi-04-1024x964.webp 1024w, https:\/\/acquarello.ch\/wp-content\/uploads\/2026\/01\/HotelAcquarello-Homepage-CarouselServizi-04-300x282.webp 300w, https:\/\/acquarello.ch\/wp-content\/uploads\/2026\/01\/HotelAcquarello-Homepage-CarouselServizi-04-768x723.webp 768w, https:\/\/acquarello.ch\/wp-content\/uploads\/2026\/01\/HotelAcquarello-Homepage-CarouselServizi-04-1536x1446.webp 1536w, https:\/\/acquarello.ch\/wp-content\/uploads\/2026\/01\/HotelAcquarello-Homepage-CarouselServizi-04.webp 1632w\" sizes=\"auto, (max-width: 1024px) 100vw, 1024px\" \/><\/figure>\n<\/div>\n<\/div>\n","protected":false},"excerpt":{"rendered":"<p>Business-R\u00e4ume F\u00fcr Veranstaltungen, die Sorgfalt, Pr\u00e4senz und Atmosph\u00e4re verdienen Im Herzen von Lugano empf\u00e4ngt ein heller und ruhiger Raum Meetings, Workshops und Firmenveranstaltungen mit der Anmut eines Pinselstrichs. Ein flexibler Tagungsraum im Zentrum des Tessins, der jedes Treffen zu einem Moment echter Verbundenheit macht: Licht, Liebe zum Detail und professionelle Ausstattung, um den Projekten, die [&hellip;]<\/p>\n","protected":false},"author":1,"featured_media":2461,"parent":0,"menu_order":0,"comment_status":"closed","ping_status":"closed","template":"pagine-header-img","meta":{"_editorskit_title_hidden":false,"_editorskit_reading_time":0,"_editorskit_is_block_options_detached":false,"_editorskit_block_options_position":"{}","_eb_attr":"","footnotes":""},"class_list":["post-3447","page","type-page","status-publish","has-post-thumbnail","hentry"],"mb":[],"mfb_rest_fields":["title"],"_links":{"self":[{"href":"https:\/\/acquarello.ch\/de\/wp-json\/wp\/v2\/pages\/3447","targetHints":{"allow":["GET"]}}],"collection":[{"href":"https:\/\/acquarello.ch\/de\/wp-json\/wp\/v2\/pages"}],"about":[{"href":"https:\/\/acquarello.ch\/de\/wp-json\/wp\/v2\/types\/page"}],"author":[{"embeddable":true,"href":"https:\/\/acquarello.ch\/de\/wp-json\/wp\/v2\/users\/1"}],"replies":[{"embeddable":true,"href":"https:\/\/acquarello.ch\/de\/wp-json\/wp\/v2\/comments?post=3447"}],"version-history":[{"count":2,"href":"https:\/\/acquarello.ch\/de\/wp-json\/wp\/v2\/pages\/3447\/revisions"}],"predecessor-version":[{"id":3469,"href":"https:\/\/acquarello.ch\/de\/wp-json\/wp\/v2\/pages\/3447\/revisions\/3469"}],"wp:featuredmedia":[{"embeddable":true,"href":"https:\/\/acquarello.ch\/de\/wp-json\/wp\/v2\/media\/2461"}],"wp:attachment":[{"href":"https:\/\/acquarello.ch\/de\/wp-json\/wp\/v2\/media?parent=3447"}],"curies":[{"name":"wp","href":"https:\/\/api.w.org\/{rel}","templated":true}]}}