{"id":3712,"date":"2025-12-16T17:33:37","date_gmt":"2025-12-16T16:33:37","guid":{"rendered":"https:\/\/acquarello.ch\/affaires\/"},"modified":"2026-03-25T17:24:58","modified_gmt":"2026-03-25T16:24:58","slug":"affaires","status":"publish","type":"page","link":"https:\/\/acquarello.ch\/fr\/affaires\/","title":{"rendered":"Affaires"},"content":{"rendered":"\n<div class=\"wp-block-columns is-layout-flex wp-container-core-columns-is-layout-dbc3dec8 wp-block-columns-is-layout-flex\" style=\"padding-top:var(--wp--preset--spacing--40);padding-right:var(--wp--preset--spacing--60);padding-bottom:var(--wp--preset--spacing--40);padding-left:var(--wp--preset--spacing--60)\">\n<div class=\"wp-block-column is-layout-flow wp-block-column-is-layout-flow\" style=\"flex-basis:40%\">\n<div class=\"wp-block-group is-layout-flow wp-block-group-is-layout-flow\">\n<h1 class=\"wp-block-heading has-sanchez-font-family has-small-font-size\" style=\"letter-spacing:0px;text-transform:uppercase\">Salles d&rsquo;affaires<\/h1>\n\n\n\n<h2 class=\"wp-block-heading\" style=\"padding-bottom:var(--wp--preset--spacing--10)\">Pour des \u00e9v\u00e9nements qui m\u00e9ritent attention, pr\u00e9sence et atmosph\u00e8re<\/h2>\n<\/div>\n\n\n\n<figure class=\"wp-block-image size-full is-resized hidden-xs\"><img loading=\"lazy\" decoding=\"async\" width=\"2304\" height=\"1536\" src=\"https:\/\/acquarello.ch\/wp-content\/uploads\/2026\/01\/MG_1811.webp\" alt=\"\" class=\"wp-image-1392\" style=\"aspect-ratio:1;object-fit:cover;width:624px;height:auto\" srcset=\"https:\/\/acquarello.ch\/wp-content\/uploads\/2026\/01\/MG_1811.webp 2304w, https:\/\/acquarello.ch\/wp-content\/uploads\/2026\/01\/MG_1811-300x200.webp 300w, https:\/\/acquarello.ch\/wp-content\/uploads\/2026\/01\/MG_1811-1024x683.webp 1024w, https:\/\/acquarello.ch\/wp-content\/uploads\/2026\/01\/MG_1811-768x512.webp 768w, https:\/\/acquarello.ch\/wp-content\/uploads\/2026\/01\/MG_1811-1536x1024.webp 1536w, https:\/\/acquarello.ch\/wp-content\/uploads\/2026\/01\/MG_1811-2048x1365.webp 2048w\" sizes=\"auto, (max-width: 2304px) 100vw, 2304px\" \/><\/figure>\n<\/div>\n\n\n\n<div class=\"wp-block-column is-vertically-aligned-stretch is-layout-flow wp-block-column-is-layout-flow\" style=\"flex-basis:60%\">\n<figure class=\"wp-block-image size-large full-width\"><img loading=\"lazy\" decoding=\"async\" width=\"1024\" height=\"677\" src=\"https:\/\/acquarello.ch\/wp-content\/uploads\/2026\/01\/hotel-acquarello-sala-eventi-lugano-003-1024x677.webp\" alt=\"\" class=\"wp-image-699\" style=\"aspect-ratio:16\/9;object-fit:cover\" srcset=\"https:\/\/acquarello.ch\/wp-content\/uploads\/2026\/01\/hotel-acquarello-sala-eventi-lugano-003-1024x677.webp 1024w, https:\/\/acquarello.ch\/wp-content\/uploads\/2026\/01\/hotel-acquarello-sala-eventi-lugano-003-300x198.webp 300w, https:\/\/acquarello.ch\/wp-content\/uploads\/2026\/01\/hotel-acquarello-sala-eventi-lugano-003-768x508.webp 768w, https:\/\/acquarello.ch\/wp-content\/uploads\/2026\/01\/hotel-acquarello-sala-eventi-lugano-003-1536x1016.webp 1536w, https:\/\/acquarello.ch\/wp-content\/uploads\/2026\/01\/hotel-acquarello-sala-eventi-lugano-003-2048x1355.webp 2048w\" sizes=\"auto, (max-width: 1024px) 100vw, 1024px\" \/><\/figure>\n\n\n\n<div class=\"wp-block-group has-global-padding is-content-justification-left is-layout-constrained wp-container-core-group-is-layout-1ad27c61 wp-block-group-is-layout-constrained\" style=\"padding-right:0;padding-left:0\">\n<p>Au c\u0153ur de Lugano, un espace lumineux et calme accueille r\u00e9unions, ateliers et \u00e9v\u00e9nements d&rsquo;entreprise avec la gr\u00e2ce d&rsquo;un coup de pinceau. Une salle de r\u00e9union flexible, au centre du Tessin, con\u00e7ue pour transformer chaque rencontre en un moment de connexion authentique : lumi\u00e8re, souci du d\u00e9tail et \u00e9quipements professionnels pour donner voix aux projets qui comptent. <\/p>\n<\/div>\n<\/div>\n<\/div>\n\n<div class=\"wp-block-columns is-layout-flex wp-container-core-columns-is-layout-68cef302 wp-block-columns-is-layout-flex\" id=\"sala-eventi\" style=\"padding-top:var(--wp--preset--spacing--40);padding-right:var(--wp--preset--spacing--60);padding-bottom:var(--wp--preset--spacing--10);padding-left:var(--wp--preset--spacing--60)\">\n<div class=\"wp-block-column is-layout-flow wp-block-column-is-layout-flow\" style=\"flex-basis:70%\">\n<div class=\"wp-block-columns is-layout-flex wp-container-core-columns-is-layout-07b7b7eb wp-block-columns-is-layout-flex\" style=\"padding-top:0;padding-right:0;padding-bottom:0;padding-left:0\">\n<div class=\"wp-block-column is-layout-flow wp-block-column-is-layout-flow\" style=\"flex-basis:80%\">\n<div class=\"wp-block-columns is-layout-flex wp-container-core-columns-is-layout-28f84493 wp-block-columns-is-layout-flex\">\n<div class=\"wp-block-column is-vertically-aligned-bottom is-layout-flow wp-block-column-is-layout-flow\">\n<h2 class=\"wp-block-heading has-sanchez-font-family has-small-font-size\" style=\"letter-spacing:0px;text-transform:uppercase\">Pour vos \u00e9v\u00e9nements<\/h2>\n\n\n\n<hr class=\"wp-block-separator has-alpha-channel-opacity is-style-wide\" style=\"margin-top:var(--wp--preset--spacing--10);margin-bottom:0\"\/>\n<\/div>\n<\/div>\n<\/div>\n\n\n\n<div class=\"wp-block-column is-vertically-aligned-bottom is-layout-flow wp-block-column-is-layout-flow\" style=\"flex-basis:20%\">\n<div class=\"wp-block-buttons is-content-justification-right is-layout-flex wp-container-core-buttons-is-layout-15fe5ce5 wp-block-buttons-is-layout-flex\" style=\"padding-top:0;padding-bottom:0\">\n<div class=\"wp-block-button\" data-aos=\"slide-up\"><a class=\"wp-block-button__link wp-element-button\" href=\"https:\/\/acquarello.ch\/fr\/affaires\/smart-space-la-ou-les-idees-prennent-forme\/\" style=\"border-top-left-radius:0px;border-top-right-radius:0px;border-bottom-left-radius:0px;border-bottom-right-radius:0px\">D\u00e9couvrez Smart Space<\/a><\/div>\n<\/div>\n<\/div>\n<\/div>\n\n\n\n<h3 class=\"wp-block-heading\" style=\"padding-bottom:0\">Smart Space<\/h3>\n\n\n\n<p style=\"padding-top:0\">D\u00e9couvrez notre nouvelle salle de r\u00e9union, un espace moderne et polyvalent, parfait pour les \u00e9v\u00e9nements d&rsquo;entreprise, les pr\u00e9sentations, les formations, les \u00e9v\u00e9nements. Chaque d\u00e9tail a \u00e9t\u00e9 pens\u00e9 pour vous offrir confort, technologie et une atmosph\u00e8re accueillante afin de transformer vos \u00e9v\u00e9nements en exp\u00e9riences r\u00e9ussies. <br\/><br\/>Nous vous offrons la possibilit\u00e9 d&rsquo;organiser votre \u00e9v\u00e9nement avec des petits-d\u00e9jeuners, des d\u00e9jeuners l\u00e9gers ou des ap\u00e9ritifs.<\/p>\n<\/div>\n<\/div>\n\n<div class=\"wp-block-columns is-layout-flex wp-container-core-columns-is-layout-bc767218 wp-block-columns-is-layout-flex\" style=\"padding-top:var(--wp--preset--spacing--10);padding-right:var(--wp--preset--spacing--10);padding-bottom:var(--wp--preset--spacing--40);padding-left:var(--wp--preset--spacing--10)\">\n<div class=\"wp-block-column is-layout-flow wp-block-column-is-layout-flow\" style=\"flex-basis:40%\">\n<div class=\"wp-block-essential-blocks-accordion  root-eb-accordion-pde51\"><div class=\"eb-parent-wrapper eb-parent-eb-accordion-pde51 \"><div class=\"eb-accordion-container eb-accordion-pde51\" data-accordion-type=\"accordion\" data-tab-icon=\"\" data-expanded-icon=\"\" data-transition-duration=\"500\"><div class=\"eb-accordion-inner\">\n<div class=\"wp-block-essential-blocks-accordion-item eb-accordion-item-jbbes eb-accordion-wrapper\" data-clickable=\"false\"><div class=\"eb-accordion-title-wrapper eb-accordion-title-wrapper-eb-accordion-pde51\" tabindex=\"0\"><div class=\"eb-accordion-title-content-wrap title-content-eb-accordion-pde51\"><span class=\"eb-accordion-title-prefix-text\">01<\/span><h3 class=\"eb-accordion-title\">Tables en U<\/h3><\/div><\/div><div class=\"eb-accordion-content-wrapper eb-accordion-content-wrapper-eb-accordion-pde51\"><div class=\"eb-accordion-content\">\n<p>22 personnes + 3 intervenants<\/p>\n<\/div><\/div><\/div>\n\n\n\n<div class=\"wp-block-essential-blocks-accordion-item eb-accordion-item-7e36t eb-accordion-wrapper\" data-clickable=\"false\"><div class=\"eb-accordion-title-wrapper eb-accordion-title-wrapper-eb-accordion-pde51\" tabindex=\"0\"><div class=\"eb-accordion-title-content-wrap title-content-eb-accordion-pde51\"><span class=\"eb-accordion-title-prefix-text\">02<\/span><h3 class=\"eb-accordion-title\">Tables en U avec chaises int\u00e9gr\u00e9es<\/h3><\/div><\/div><div class=\"eb-accordion-content-wrapper eb-accordion-content-wrapper-eb-accordion-pde51\"><div class=\"eb-accordion-content\">\n<p>24 pax + 3 speaker<\/p>\n<\/div><\/div><\/div>\n\n\n\n<div class=\"wp-block-essential-blocks-accordion-item eb-accordion-item-1mvk4 eb-accordion-wrapper\" data-clickable=\"false\"><div class=\"eb-accordion-title-wrapper eb-accordion-title-wrapper-eb-accordion-pde51\" tabindex=\"0\"><div class=\"eb-accordion-title-content-wrap title-content-eb-accordion-pde51\"><span class=\"eb-accordion-title-prefix-text\">03<\/span><h3 class=\"eb-accordion-title\">Disposition en \u00e9cole<\/h3><\/div><\/div><div class=\"eb-accordion-content-wrapper eb-accordion-content-wrapper-eb-accordion-pde51\"><div class=\"eb-accordion-content\">\n<p>16 personnes + 3 intervenants<\/p>\n<\/div><\/div><\/div>\n\n\n\n<div class=\"wp-block-essential-blocks-accordion-item eb-accordion-item-dk0tm eb-accordion-wrapper\" data-clickable=\"false\"><div class=\"eb-accordion-title-wrapper eb-accordion-title-wrapper-eb-accordion-pde51\" tabindex=\"0\"><div class=\"eb-accordion-title-content-wrap title-content-eb-accordion-pde51\"><span class=\"eb-accordion-title-prefix-text\">04<\/span><h3 class=\"eb-accordion-title\">Disposition th\u00e9\u00e2tre<\/h3><\/div><\/div><div class=\"eb-accordion-content-wrapper eb-accordion-content-wrapper-eb-accordion-pde51\"><div class=\"eb-accordion-content\">\n<p>40 personnes + 3 intervenants<\/p>\n<\/div><\/div><\/div>\n\n\n\n<div class=\"wp-block-essential-blocks-accordion-item eb-accordion-item-yrxx2 eb-accordion-wrapper\" data-clickable=\"false\"><div class=\"eb-accordion-title-wrapper eb-accordion-title-wrapper-eb-accordion-pde51\" tabindex=\"0\"><div class=\"eb-accordion-title-content-wrap title-content-eb-accordion-pde51\"><span class=\"eb-accordion-title-prefix-text\">05<\/span><h3 class=\"eb-accordion-title\">Disposition en U sans tables<\/h3><\/div><\/div><div class=\"eb-accordion-content-wrapper eb-accordion-content-wrapper-eb-accordion-pde51\"><div class=\"eb-accordion-content\">\n<p>24 pax + 3 speaker<\/p>\n<\/div><\/div><\/div>\n\n\n\n<div class=\"wp-block-essential-blocks-accordion-item eb-accordion-item-hpx5o eb-accordion-wrapper\" data-clickable=\"false\"><div class=\"eb-accordion-title-wrapper eb-accordion-title-wrapper-eb-accordion-pde51\" tabindex=\"0\"><div class=\"eb-accordion-title-content-wrap title-content-eb-accordion-pde51\"><span class=\"eb-accordion-title-prefix-text\">06<\/span><h3 class=\"eb-accordion-title\">Disposizione tavolo unico<\/h3><\/div><\/div><div class=\"eb-accordion-content-wrapper eb-accordion-content-wrapper-eb-accordion-pde51\"><div class=\"eb-accordion-content\">\n<p>20 personnes + 3 intervenants<\/p>\n<\/div><\/div><\/div>\n\n\n\n<div class=\"wp-block-essential-blocks-accordion-item eb-accordion-item-75bs0 eb-accordion-wrapper\" data-clickable=\"false\"><div class=\"eb-accordion-title-wrapper eb-accordion-title-wrapper-eb-accordion-pde51\" tabindex=\"0\"><div class=\"eb-accordion-title-content-wrap title-content-eb-accordion-pde51\"><span class=\"eb-accordion-title-prefix-text\">07<\/span><h3 class=\"eb-accordion-title\">Disposizione a banchetto<\/h3><\/div><\/div><div class=\"eb-accordion-content-wrapper eb-accordion-content-wrapper-eb-accordion-pde51\"><div class=\"eb-accordion-content\">\n<p>24 personnes<\/p>\n<\/div><\/div><\/div>\n<\/div><\/div><\/div><\/div>\n<\/div>\n\n\n\n<div class=\"wp-block-column is-layout-flow wp-block-column-is-layout-flow\" style=\"flex-basis:60%\">\n<figure class=\"wp-block-image size-large\"><img loading=\"lazy\" decoding=\"async\" width=\"1024\" height=\"675\" src=\"https:\/\/acquarello.ch\/wp-content\/uploads\/2026\/01\/hotel-acquarello-sala-eventi-lugano-002-1024x675.webp\" alt=\"\" class=\"wp-image-698\" srcset=\"https:\/\/acquarello.ch\/wp-content\/uploads\/2026\/01\/hotel-acquarello-sala-eventi-lugano-002-1024x675.webp 1024w, https:\/\/acquarello.ch\/wp-content\/uploads\/2026\/01\/hotel-acquarello-sala-eventi-lugano-002-300x198.webp 300w, https:\/\/acquarello.ch\/wp-content\/uploads\/2026\/01\/hotel-acquarello-sala-eventi-lugano-002-768x506.webp 768w, https:\/\/acquarello.ch\/wp-content\/uploads\/2026\/01\/hotel-acquarello-sala-eventi-lugano-002-1536x1012.webp 1536w, https:\/\/acquarello.ch\/wp-content\/uploads\/2026\/01\/hotel-acquarello-sala-eventi-lugano-002-2048x1349.webp 2048w\" sizes=\"auto, (max-width: 1024px) 100vw, 1024px\" \/><\/figure>\n<\/div>\n<\/div>\n\n<div class=\"wp-block-columns is-layout-flex wp-container-core-columns-is-layout-dbc3dec8 wp-block-columns-is-layout-flex\" id=\"coworking\" style=\"padding-top:var(--wp--preset--spacing--40);padding-right:var(--wp--preset--spacing--60);padding-bottom:var(--wp--preset--spacing--40);padding-left:var(--wp--preset--spacing--60)\">\n<div class=\"wp-block-column is-layout-flow wp-block-column-is-layout-flow\" style=\"flex-basis:70%\">\n<h2 class=\"wp-block-heading has-sanchez-font-family has-small-font-size\" style=\"letter-spacing:0px;text-transform:uppercase\">Espace partag\u00e9<\/h2>\n\n\n\n<hr class=\"wp-block-separator has-alpha-channel-opacity is-style-wide\" style=\"margin-top:var(--wp--preset--spacing--10);margin-bottom:0\"\/>\n\n\n\n<h3 class=\"wp-block-heading\" style=\"padding-bottom:0\">Coworking<\/h3>\n\n\n\n<p style=\"padding-top:0\">L&rsquo;h\u00f4tel Acquarello dispose \u00e9galement d&rsquo;un <strong>espace de coworking<\/strong>, id\u00e9al pour travailler de mani\u00e8re flexible, organiser des r\u00e9unions informelles ou g\u00e9rer des activit\u00e9s professionnelles pendant votre s\u00e9jour.<\/p>\n<\/div>\n<\/div>\n\n<div class=\"wp-block-columns is-layout-flex wp-container-core-columns-is-layout-cad298ab wp-block-columns-is-layout-flex\" style=\"padding-right:var(--wp--preset--spacing--60);padding-left:var(--wp--preset--spacing--60)\">\n<div class=\"wp-block-column is-layout-flow wp-block-column-is-layout-flow\">\n<figure class=\"wp-block-image size-large\"><img loading=\"lazy\" decoding=\"async\" width=\"1024\" height=\"964\" src=\"https:\/\/acquarello.ch\/wp-content\/uploads\/2026\/01\/HotelAcquarello-Homepage-CarouselServizi-01-1024x964.webp\" alt=\"\" class=\"wp-image-566\" style=\"aspect-ratio:16\/9;object-fit:cover\" srcset=\"https:\/\/acquarello.ch\/wp-content\/uploads\/2026\/01\/HotelAcquarello-Homepage-CarouselServizi-01-1024x964.webp 1024w, https:\/\/acquarello.ch\/wp-content\/uploads\/2026\/01\/HotelAcquarello-Homepage-CarouselServizi-01-300x282.webp 300w, https:\/\/acquarello.ch\/wp-content\/uploads\/2026\/01\/HotelAcquarello-Homepage-CarouselServizi-01-768x723.webp 768w, https:\/\/acquarello.ch\/wp-content\/uploads\/2026\/01\/HotelAcquarello-Homepage-CarouselServizi-01-1536x1446.webp 1536w, https:\/\/acquarello.ch\/wp-content\/uploads\/2026\/01\/HotelAcquarello-Homepage-CarouselServizi-01.webp 1632w\" sizes=\"auto, (max-width: 1024px) 100vw, 1024px\" \/><\/figure>\n<\/div>\n\n\n\n<div class=\"wp-block-column is-layout-flow wp-block-column-is-layout-flow\">\n<figure class=\"wp-block-image size-large\"><img loading=\"lazy\" decoding=\"async\" width=\"1024\" height=\"964\" src=\"https:\/\/acquarello.ch\/wp-content\/uploads\/2026\/01\/HotelAcquarello-Homepage-CarouselServizi-04-1024x964.webp\" alt=\"\" class=\"wp-image-570\" style=\"aspect-ratio:16\/9;object-fit:cover\" srcset=\"https:\/\/acquarello.ch\/wp-content\/uploads\/2026\/01\/HotelAcquarello-Homepage-CarouselServizi-04-1024x964.webp 1024w, https:\/\/acquarello.ch\/wp-content\/uploads\/2026\/01\/HotelAcquarello-Homepage-CarouselServizi-04-300x282.webp 300w, https:\/\/acquarello.ch\/wp-content\/uploads\/2026\/01\/HotelAcquarello-Homepage-CarouselServizi-04-768x723.webp 768w, https:\/\/acquarello.ch\/wp-content\/uploads\/2026\/01\/HotelAcquarello-Homepage-CarouselServizi-04-1536x1446.webp 1536w, https:\/\/acquarello.ch\/wp-content\/uploads\/2026\/01\/HotelAcquarello-Homepage-CarouselServizi-04.webp 1632w\" sizes=\"auto, (max-width: 1024px) 100vw, 1024px\" \/><\/figure>\n<\/div>\n<\/div>\n","protected":false},"excerpt":{"rendered":"<p>Salles d&rsquo;affaires Pour des \u00e9v\u00e9nements qui m\u00e9ritent attention, pr\u00e9sence et atmosph\u00e8re Au c\u0153ur de Lugano, un espace lumineux et calme accueille r\u00e9unions, ateliers et \u00e9v\u00e9nements d&rsquo;entreprise avec la gr\u00e2ce d&rsquo;un coup de pinceau. Une salle de r\u00e9union flexible, au centre du Tessin, con\u00e7ue pour transformer chaque rencontre en un moment de connexion authentique : lumi\u00e8re, [&hellip;]<\/p>\n","protected":false},"author":1,"featured_media":2460,"parent":0,"menu_order":0,"comment_status":"closed","ping_status":"closed","template":"pagine-header-img","meta":{"_editorskit_title_hidden":false,"_editorskit_reading_time":0,"_editorskit_is_block_options_detached":false,"_editorskit_block_options_position":"{}","_eb_attr":"","footnotes":""},"class_list":["post-3712","page","type-page","status-publish","has-post-thumbnail","hentry"],"mb":[],"mfb_rest_fields":["title"],"_links":{"self":[{"href":"https:\/\/acquarello.ch\/fr\/wp-json\/wp\/v2\/pages\/3712","targetHints":{"allow":["GET"]}}],"collection":[{"href":"https:\/\/acquarello.ch\/fr\/wp-json\/wp\/v2\/pages"}],"about":[{"href":"https:\/\/acquarello.ch\/fr\/wp-json\/wp\/v2\/types\/page"}],"author":[{"embeddable":true,"href":"https:\/\/acquarello.ch\/fr\/wp-json\/wp\/v2\/users\/1"}],"replies":[{"embeddable":true,"href":"https:\/\/acquarello.ch\/fr\/wp-json\/wp\/v2\/comments?post=3712"}],"version-history":[{"count":3,"href":"https:\/\/acquarello.ch\/fr\/wp-json\/wp\/v2\/pages\/3712\/revisions"}],"predecessor-version":[{"id":3718,"href":"https:\/\/acquarello.ch\/fr\/wp-json\/wp\/v2\/pages\/3712\/revisions\/3718"}],"wp:featuredmedia":[{"embeddable":true,"href":"https:\/\/acquarello.ch\/fr\/wp-json\/wp\/v2\/media\/2460"}],"wp:attachment":[{"href":"https:\/\/acquarello.ch\/fr\/wp-json\/wp\/v2\/media?parent=3712"}],"curies":[{"name":"wp","href":"https:\/\/api.w.org\/{rel}","templated":true}]}}